{"id":8,"date":"2021-06-20T09:02:06","date_gmt":"2021-06-20T07:02:06","guid":{"rendered":"https:\/\/gite-capbis.fr\/?page_id=8"},"modified":"2022-02-02T12:07:13","modified_gmt":"2022-02-02T11:07:13","slug":"accueil","status":"publish","type":"page","link":"https:\/\/gite-capbis.fr\/","title":{"rendered":"Le g\u00eete de la maison Chourrist"},"content":{"rendered":"\n<p>&nbsp;&nbsp;&nbsp;&nbsp;&nbsp;<\/p>\n\n\n\n<p>Un s\u00e9jour dans la maison Chourrist est l\u2019occasion de vous laisser guider par la nature.<br>Il vous permettra de d\u00e9couvrir la culture, l&rsquo;agriculture, le pastoralisme et les paysages de notre r\u00e9gion.<\/p>\n\n\n\n<p>A proximit\u00e9 vous pourrez pratiquer toutes les activit\u00e9s li\u00e9es \u00e0 la campagne et \u00e0 la montagne :<\/p>\n\n\n\n<ul class=\"wp-block-list\"><li>Balades (chemin d&rsquo;Emilie)<\/li><li>Randonn\u00e9es (GR)<\/li><li>Ski (Gourette, Saint Larry, Hautacam, Artouste, Formigal)<\/li><li>Cyclisme (col d&rsquo;Aubisque, col du Soulor, col de Marie Blanque)<\/li><li>Baignade (Lac de Baudreix) <\/li><li>Et dans nos gaves la P\u00eache, le Rafting et le Canyoning<\/li><li>sans oublier la lecture et les temps de repos \u2026<\/li><\/ul>\n\n\n\n<figure class=\"wp-block-image size-full\"><img loading=\"lazy\" decoding=\"async\" width=\"842\" height=\"445\" src=\"https:\/\/gite-capbis.fr\/wp-content\/uploads\/2022\/02\/Panonceau_Meuble_3_etoiles.jpg\" alt=\"\" class=\"wp-image-146\" srcset=\"https:\/\/gite-capbis.fr\/wp-content\/uploads\/2022\/02\/Panonceau_Meuble_3_etoiles.jpg 842w, https:\/\/gite-capbis.fr\/wp-content\/uploads\/2022\/02\/Panonceau_Meuble_3_etoiles-300x159.jpg 300w, https:\/\/gite-capbis.fr\/wp-content\/uploads\/2022\/02\/Panonceau_Meuble_3_etoiles-768x406.jpg 768w\" sizes=\"auto, (max-width: 767px) 89vw, (max-width: 1000px) 54vw, (max-width: 1071px) 543px, 580px\" \/><\/figure>\n","protected":false},"excerpt":{"rendered":"<p>&nbsp;&nbsp;&nbsp;&nbsp;&nbsp; Un s\u00e9jour dans la maison Chourrist est l\u2019occasion de vous laisser guider par la nature.Il vous permettra de d\u00e9couvrir la culture, l&rsquo;agriculture, le pastoralisme et les paysages de notre r\u00e9gion. A proximit\u00e9 vous pourrez pratiquer toutes les activit\u00e9s li\u00e9es \u00e0 la campagne et \u00e0 la montagne : Balades (chemin d&rsquo;Emilie) Randonn\u00e9es (GR) Ski (Gourette, &hellip; <\/p>\n<p class=\"link-more\"><a href=\"https:\/\/gite-capbis.fr\/\" class=\"more-link\">Continuer la lecture<span class=\"screen-reader-text\"> de &laquo;&nbsp;Le g\u00eete de la maison Chourrist&nbsp;&raquo;<\/span><\/a><\/p>\n","protected":false},"author":1,"featured_media":0,"parent":0,"menu_order":0,"comment_status":"closed","ping_status":"closed","template":"","meta":{"footnotes":""},"class_list":["post-8","page","type-page","status-publish","hentry"],"_links":{"self":[{"href":"https:\/\/gite-capbis.fr\/index.php?rest_route=\/wp\/v2\/pages\/8","targetHints":{"allow":["GET"]}}],"collection":[{"href":"https:\/\/gite-capbis.fr\/index.php?rest_route=\/wp\/v2\/pages"}],"about":[{"href":"https:\/\/gite-capbis.fr\/index.php?rest_route=\/wp\/v2\/types\/page"}],"author":[{"embeddable":true,"href":"https:\/\/gite-capbis.fr\/index.php?rest_route=\/wp\/v2\/users\/1"}],"replies":[{"embeddable":true,"href":"https:\/\/gite-capbis.fr\/index.php?rest_route=%2Fwp%2Fv2%2Fcomments&post=8"}],"version-history":[{"count":5,"href":"https:\/\/gite-capbis.fr\/index.php?rest_route=\/wp\/v2\/pages\/8\/revisions"}],"predecessor-version":[{"id":147,"href":"https:\/\/gite-capbis.fr\/index.php?rest_route=\/wp\/v2\/pages\/8\/revisions\/147"}],"wp:attachment":[{"href":"https:\/\/gite-capbis.fr\/index.php?rest_route=%2Fwp%2Fv2%2Fmedia&parent=8"}],"curies":[{"name":"wp","href":"https:\/\/api.w.org\/{rel}","templated":true}]}}